{"id":6176,"date":"2022-03-21T23:41:36","date_gmt":"2022-03-21T23:41:36","guid":{"rendered":"https:\/\/www.emmegidettori.it\/servizi\/artist-appeal\/"},"modified":"2022-08-12T21:04:06","modified_gmt":"2022-08-12T21:04:06","slug":"artist-appeal","status":"publish","type":"page","link":"https:\/\/www.emmegidettori.it\/en\/servizi\/artist-appeal\/","title":{"rendered":"Artistic Appeal"},"content":{"rendered":"<p>[vc_row content_text_aligment=&#8221;left&#8221; css=&#8221;.vc_custom_1536160541881{padding-bottom: 50px !important;padding-left: 10% !important;}&#8221;][vc_column]<div class=\"eltdf-elements-holder   eltdf-one-column  eltdf-responsive-mode-768 \" ><div class=\"eltdf-eh-item    \"  data-item-class=\"eltdf-eh-custom-3122\" data-1367-1600=\"0px 0px 0px 0px\" data-1025-1366=\"0px 0px 0px 7px\" data-769-1024=\"0px 0px 0px 0px\" data-681-768=\"0px 0px 0px 0px\" data-680=\"0px 0px 0px 0px\">\n    <div class=\"eltdf-eh-item-inner\">\n        <div class=\"eltdf-eh-item-content eltdf-eh-custom-3122\" style=\"padding: 0px 0px 0px 0px\">\n            <div class=\"eltdf-single-image-holder   \">\n    <div class=\"eltdf-si-inner\" >\n                                            <img loading=\"lazy\" decoding=\"async\" width=\"1716\" height=\"746\" src=\"https:\/\/www.emmegidettori.it\/wp-content\/uploads\/2022\/03\/emmegidettori-artista.jpg\" class=\"attachment-full size-full\" alt=\"\" srcset=\"https:\/\/www.emmegidettori.it\/wp-content\/uploads\/2022\/03\/emmegidettori-artista.jpg 1716w, https:\/\/www.emmegidettori.it\/wp-content\/uploads\/2022\/03\/emmegidettori-artista-300x130.jpg 300w, https:\/\/www.emmegidettori.it\/wp-content\/uploads\/2022\/03\/emmegidettori-artista-1024x445.jpg 1024w, https:\/\/www.emmegidettori.it\/wp-content\/uploads\/2022\/03\/emmegidettori-artista-768x334.jpg 768w, https:\/\/www.emmegidettori.it\/wp-content\/uploads\/2022\/03\/emmegidettori-artista-1536x668.jpg 1536w, https:\/\/www.emmegidettori.it\/wp-content\/uploads\/2022\/03\/emmegidettori-artista-600x261.jpg 600w\" sizes=\"auto, (max-width: 1716px) 100vw, 1716px\" title=\"\">                                    <\/div>\n<\/div>        <\/div>\n    <\/div>\n<\/div><\/div>[\/vc_column][\/vc_row][vc_row css=&#8221;.vc_custom_1534850824053{padding-left: 9.8% !important;}&#8221;][vc_column][vc_column_text]<\/p>\n<h1><span lang=\"EN-GB\">Reveal your artistic side<\/span><\/h1>\n<h4><strong><span lang=\"EN-GB\">Especially designed for artists, entertainment professionals<\/span><\/strong><span lang=\"EN-GB\">, film and television personalities<strong>.<\/strong><\/span><\/h4>\n<p><span lang=\"EN-GB\">Customized service designed to create and enhance the image of artists\/personalities,<br \/>\nthrough the selection of a style which will enhance your personality,<br \/>\ncharisma and talent in a special and distinctive way<\/span>.[\/vc_column_text][vc_empty_space][\/vc_column][\/vc_row][vc_row css=&#8221;.vc_custom_1534850824053{padding-left: 9.8% !important;}&#8221;][vc_column width=&#8221;1\/2&#8243;][vc_column_text]<\/p>\n<h3><strong>Richiedi un preventivo<\/strong><\/h3>\n<p>[\/vc_column_text][vc_empty_space]\n<div class=\"wpcf7 no-js\" id=\"wpcf7-f6405-o1\" lang=\"en-US\" dir=\"ltr\">\n<div class=\"screen-reader-response\"><p role=\"status\" aria-live=\"polite\" aria-atomic=\"true\"><\/p> <ul><\/ul><\/div>\n<form action=\"\/en\/wp-json\/wp\/v2\/pages\/6176#wpcf7-f6405-o1\" method=\"post\" class=\"wpcf7-form init\" aria-label=\"Contact form\" novalidate=\"novalidate\" data-status=\"init\">\n<div style=\"display: none;\">\n<input type=\"hidden\" name=\"_wpcf7\" value=\"6405\" \/>\n<input type=\"hidden\" name=\"_wpcf7_version\" value=\"5.8.4\" \/>\n<input type=\"hidden\" name=\"_wpcf7_locale\" value=\"en_US\" \/>\n<input type=\"hidden\" name=\"_wpcf7_unit_tag\" value=\"wpcf7-f6405-o1\" \/>\n<input type=\"hidden\" name=\"_wpcf7_container_post\" value=\"0\" \/>\n<input type=\"hidden\" name=\"_wpcf7_posted_data_hash\" value=\"\" \/>\n<\/div>\n<p><label> Your name<br \/>\n<span class=\"wpcf7-form-control-wrap\" data-name=\"your-name\"><input size=\"40\" class=\"wpcf7-form-control wpcf7-text wpcf7-validates-as-required\" aria-required=\"true\" aria-invalid=\"false\" value=\"\" type=\"text\" name=\"your-name\" \/><\/span> <\/label>\n<\/p>\n<p><label> Your email<br \/>\n<span class=\"wpcf7-form-control-wrap\" data-name=\"your-email\"><input size=\"40\" class=\"wpcf7-form-control wpcf7-email wpcf7-validates-as-required wpcf7-text wpcf7-validates-as-email\" aria-required=\"true\" aria-invalid=\"false\" value=\"\" type=\"email\" name=\"your-email\" \/><\/span> <\/label>\n<\/p>\n<p><label> Your phone<br \/>\n<span class=\"wpcf7-form-control-wrap\" data-name=\"your-phone\"><input size=\"40\" class=\"wpcf7-form-control wpcf7-email wpcf7-text wpcf7-validates-as-email\" aria-invalid=\"false\" value=\"\" type=\"email\" name=\"your-phone\" \/><\/span> <\/label>\n<\/p>\n<p><label> Your message<br \/>\n<span class=\"wpcf7-form-control-wrap\" data-name=\"your-message\"><textarea cols=\"40\" rows=\"10\" class=\"wpcf7-form-control wpcf7-textarea\" aria-invalid=\"false\" name=\"your-message\"><\/textarea><\/span> <\/label>\n<\/p>\n<p>INFORMATION AND CONSENT TO THE PROCESSING OF PERSONAL DATA<br \/>\n<span class=\"wpcf7-form-control-wrap\" data-name=\"accept-privacy\"><span class=\"wpcf7-form-control wpcf7-acceptance\"><span class=\"wpcf7-list-item\"><input type=\"checkbox\" name=\"accept-privacy\" value=\"1\" aria-invalid=\"false\" \/><\/span><\/span><\/span> Mandatory provision: I have read, accept <a href=\"https:\/\/www.emmegidettore.it\/en\/gestione-privacy\/privacy-policy\/\" rel=\"nofollow noopener\" target=\"_blank\"> the Privacy Policy <\/a> and I agree to the treatment of the data according to the GDPR n. 2016\/679\n<\/p>\n<p><button class=\"wpcf7-form-control wpcf7-submit eltdf-btn eltdf-btn-simple\" type=\"submit\"><span class=\"eltdf-btn-text\">Send<\/span><\/button>\n<\/p><div class=\"wpcf7-response-output\" aria-hidden=\"true\"><\/div>\n<\/form>\n<\/div>\n[vc_empty_space][\/vc_column][vc_column width=&#8221;1\/2&#8243;]<div class=\"eltdf-single-image-holder   \">\n    <div class=\"eltdf-si-inner\" >\n                                            <img loading=\"lazy\" decoding=\"async\" width=\"800\" height=\"800\" src=\"https:\/\/www.emmegidettori.it\/wp-content\/uploads\/2022\/01\/servizio-emmegi-dettori-artist-styling.jpg\" class=\"attachment-full size-full\" alt=\"Emmegi Dettori - Fashion is in Details - Cover Artisti\" srcset=\"https:\/\/www.emmegidettori.it\/wp-content\/uploads\/2022\/01\/servizio-emmegi-dettori-artist-styling.jpg 800w, https:\/\/www.emmegidettori.it\/wp-content\/uploads\/2022\/01\/servizio-emmegi-dettori-artist-styling-300x300.jpg 300w, https:\/\/www.emmegidettori.it\/wp-content\/uploads\/2022\/01\/servizio-emmegi-dettori-artist-styling-150x150.jpg 150w, https:\/\/www.emmegidettori.it\/wp-content\/uploads\/2022\/01\/servizio-emmegi-dettori-artist-styling-768x768.jpg 768w, https:\/\/www.emmegidettori.it\/wp-content\/uploads\/2022\/01\/servizio-emmegi-dettori-artist-styling-650x650.jpg 650w, https:\/\/www.emmegidettori.it\/wp-content\/uploads\/2022\/01\/servizio-emmegi-dettori-artist-styling-600x600.jpg 600w, https:\/\/www.emmegidettori.it\/wp-content\/uploads\/2022\/01\/servizio-emmegi-dettori-artist-styling-100x100.jpg 100w\" sizes=\"auto, (max-width: 800px) 100vw, 800px\" title=\"\">                                    <\/div>\n<\/div>[\/vc_column][\/vc_row][vc_row row_content_width=&#8221;grid&#8221; css=&#8221;.vc_custom_1534949398474{padding-top: 67px !important;padding-bottom: 112px !important;}&#8221;][vc_column]<div class=\"eltdf-elements-holder   eltdf-one-column  eltdf-responsive-mode-768 \" ><div class=\"eltdf-eh-item    \"  data-item-class=\"eltdf-eh-custom-4467\" data-1367-1600=\"0px 58px 0px 0px\" data-1025-1366=\"0px 0px 0px 0px\" data-769-1024=\"0px 0px 0px 0px\" data-681-768=\"0px 0px 0px 0px\">\n    <div class=\"eltdf-eh-item-inner\">\n        <div class=\"eltdf-eh-item-content eltdf-eh-custom-4467\" style=\"padding: 0px 58px 0px 0px\">\n            <div class=\"eltdf-testimonials-holder clearfix \">\n\n    <div class=\"eltdf-testimonial-icon-holder\">\n        <div class=\"eltdf-testimonial-icon-holder-inner\">\n            <img decoding=\"async\" src=\"https:\/\/www.emmegidettori.it\/wp-content\/plugins\/brynn-core\/assets\/img\/blank.png\" alt=\"\" title=\"\">\n            <span class=\"eltdf-testimonial-icon ion-quote\"><\/span>\n        <\/div>\n    <\/div>\n\n    <div class=\"eltdf-testimonials eltdf-owl-slider\" data-number-of-items=\"1\" data-enable-loop=\"yes\" data-enable-autoplay=\"yes\" data-slider-speed=\"5000\" data-slider-speed-animation=\"600\" data-enable-navigation=\"yes\" data-enable-pagination=\"yes\" >\n\n        \n                <div class=\"eltdf-testimonial-content\">\n\n                    <div class=\"eltdf-testimonial-text-holder\">\n\n                        <div class=\"eltdf-testimonial-background-text\" >\n                            01                        <\/div>\n\n                                                    <p class=\"eltdf-testimonial-text\">Very good image consultant. TOP Quality!<\/p>\n                                                                            <h6 class=\"eltdf-testimonial-author\">\n                                <span class=\"eltdf-testimonial-author-name\">Monica Puddu<\/span>\n                            <\/h6>\n                        \n                    <\/div>\n\n                <\/div>\n\n            \n                <div class=\"eltdf-testimonial-content\">\n\n                    <div class=\"eltdf-testimonial-text-holder\">\n\n                        <div class=\"eltdf-testimonial-background-text\" >\n                            02                        <\/div>\n\n                                                    <p class=\"eltdf-testimonial-text\">As soon as you meet Maria Giovanna you understand that you have a trained and competent consultant in front of you. During our meeting she listened carefully to all my needs and managed to help me realize the idea of the image of me that until then remained only in my mind, giving me practical and easily achievable advice. I recommend this experience to everyone ... dedicating attention to your person is always rewarding and Maria Giovanna makes this moment extraordinary.<\/p>\n                                                                            <h6 class=\"eltdf-testimonial-author\">\n                                <span class=\"eltdf-testimonial-author-name\">Alessandra Selleri<\/span>\n                            <\/h6>\n                        \n                    <\/div>\n\n                <\/div>\n\n            \n                <div class=\"eltdf-testimonial-content\">\n\n                    <div class=\"eltdf-testimonial-text-holder\">\n\n                        <div class=\"eltdf-testimonial-background-text\" >\n                            03                        <\/div>\n\n                                                    <p class=\"eltdf-testimonial-text\">Super positive experience! Maria Giovanna is a true professional, attentive and very kind. I recommend her because she helped me understand what she really values me. Her advice helps to optimize the personal and physical characteristics of ourselves by bringing out the best version. Thank you<\/p>\n                                                                            <h6 class=\"eltdf-testimonial-author\">\n                                <span class=\"eltdf-testimonial-author-name\">Serena Deroma<\/span>\n                            <\/h6>\n                        \n                    <\/div>\n\n                <\/div>\n\n            \n                <div class=\"eltdf-testimonial-content\">\n\n                    <div class=\"eltdf-testimonial-text-holder\">\n\n                        <div class=\"eltdf-testimonial-background-text\" >\n                            04                        <\/div>\n\n                                                    <p class=\"eltdf-testimonial-text\">High quality service and very knowledgeable image consultant. I booked her Corporate Image consult for Freesco Gusto, my company, based in Rome. Maria Giovanna is patient and professional. She totally lived up to my expectations! Excellent value for money.<\/p>\n                                                                            <h6 class=\"eltdf-testimonial-author\">\n                                <span class=\"eltdf-testimonial-author-name\">Angelo Berardinelli<\/span>\n                            <\/h6>\n                        \n                    <\/div>\n\n                <\/div>\n\n            \n                <div class=\"eltdf-testimonial-content\">\n\n                    <div class=\"eltdf-testimonial-text-holder\">\n\n                        <div class=\"eltdf-testimonial-background-text\" >\n                            05                        <\/div>\n\n                                                    <p class=\"eltdf-testimonial-text\">Maria Giovanna \u00e8 una consulente d&#039;immagine MOLTO precisa e competente. Penso sia l&#039;unica in Sardegna cosi preparata! Mi sono affidata a lei dopo il parto della mia seconda figlia per la riorganizzazione del guardaroba sottovalutandone il ruolo per ignoranza mia. Ho scoperto un mondo nuovo! Grazie a lei ho imparato l&#039;importanza dei colori, mi ha seguito con pazienza rispondendo ad ogni mio dubbio o perplessit\u00e0. \u00c8 interessante il percorso che fai con lei, la consapevolezza che cresce in te e quello che conservi alla fine perch\u00e9 ti consegna un book personalizzato fighissimo!! Difficile perderla di vista d&#039;ora in poi. Ottimo rapporto qualit\u00e0\/prezzo. Assolutamente consigliata!<\/p>\n                                                                            <h6 class=\"eltdf-testimonial-author\">\n                                <span class=\"eltdf-testimonial-author-name\">Patrizia Peitas<\/span>\n                            <\/h6>\n                        \n                    <\/div>\n\n                <\/div>\n\n            \n                <div class=\"eltdf-testimonial-content\">\n\n                    <div class=\"eltdf-testimonial-text-holder\">\n\n                        <div class=\"eltdf-testimonial-background-text\" >\n                            06                        <\/div>\n\n                                                    <p class=\"eltdf-testimonial-text\">Professional, reliable, highly skilled.<\/p>\n                                                                            <h6 class=\"eltdf-testimonial-author\">\n                                <span class=\"eltdf-testimonial-author-name\">Laura De Luca<\/span>\n                            <\/h6>\n                        \n                    <\/div>\n\n                <\/div>\n\n            \n    <\/div>\n<\/div>[vc_empty_space]        <\/div>\n    <\/div>\n<\/div><\/div>[\/vc_column][\/vc_row]<\/p>\n","protected":false},"excerpt":{"rendered":"<p>[vc_row content_text_aligment=&#8221;left&#8221; css=&#8221;.vc_custom_1536160541881{padding-bottom: 50px !important;padding-left: 10% !important;}&#8221;][vc_column][\/vc_column][\/vc_row][vc_row css=&#8221;.vc_custom_1534850824053{padding-left: 9.8% !important;}&#8221;][vc_column][vc_column_text] Reveal your artistic side Especially designed for artists, entertainment professionals, film and television personalities. Customized service designed to create and enhance the image of artists\/personalities, through the selection of a [&hellip;]<\/p>\n","protected":false},"author":1,"featured_media":0,"parent":6165,"menu_order":10,"comment_status":"closed","ping_status":"closed","template":"full-width.php","meta":{"footnotes":""},"class_list":["post-6176","page","type-page","status-publish","hentry"],"acf":[],"_links":{"self":[{"href":"https:\/\/www.emmegidettori.it\/en\/wp-json\/wp\/v2\/pages\/6176","targetHints":{"allow":["GET"]}}],"collection":[{"href":"https:\/\/www.emmegidettori.it\/en\/wp-json\/wp\/v2\/pages"}],"about":[{"href":"https:\/\/www.emmegidettori.it\/en\/wp-json\/wp\/v2\/types\/page"}],"author":[{"embeddable":true,"href":"https:\/\/www.emmegidettori.it\/en\/wp-json\/wp\/v2\/users\/1"}],"replies":[{"embeddable":true,"href":"https:\/\/www.emmegidettori.it\/en\/wp-json\/wp\/v2\/comments?post=6176"}],"version-history":[{"count":5,"href":"https:\/\/www.emmegidettori.it\/en\/wp-json\/wp\/v2\/pages\/6176\/revisions"}],"predecessor-version":[{"id":6445,"href":"https:\/\/www.emmegidettori.it\/en\/wp-json\/wp\/v2\/pages\/6176\/revisions\/6445"}],"up":[{"embeddable":true,"href":"https:\/\/www.emmegidettori.it\/en\/wp-json\/wp\/v2\/pages\/6165"}],"wp:attachment":[{"href":"https:\/\/www.emmegidettori.it\/en\/wp-json\/wp\/v2\/media?parent=6176"}],"curies":[{"name":"wp","href":"https:\/\/api.w.org\/{rel}","templated":true}]}}